{"id":19623,"date":"2025-09-23T14:50:29","date_gmt":"2025-09-23T19:50:29","guid":{"rendered":"https:\/\/smartonecorp.net\/?page_id=19623"},"modified":"2025-10-16T14:14:58","modified_gmt":"2025-10-16T19:14:58","slug":"fc26","status":"publish","type":"page","link":"https:\/\/smartonecorp.net\/es\/fc26\/","title":{"rendered":"FC26"},"content":{"rendered":"\t\t<div data-elementor-type=\"wp-page\" data-elementor-id=\"19623\" class=\"elementor elementor-19623\" data-elementor-post-type=\"page\">\n\t\t\t\t<div class=\"elementor-element elementor-element-4d8d3f5 e-flex e-con-boxed e-con e-parent\" data-id=\"4d8d3f5\" data-element_type=\"container\" data-e-type=\"container\" data-settings=\"{&quot;background_background&quot;:&quot;classic&quot;}\">\n\t\t\t\t\t<div class=\"e-con-inner\">\n\t\t\t\t<div class=\"elementor-element elementor-element-3878665 elementor-widget__width-initial elementor-widget elementor-widget-wd_image_or_svg\" data-id=\"3878665\" data-element_type=\"widget\" data-e-type=\"widget\" data-widget_type=\"wd_image_or_svg.default\">\n\t\t\t\t<div class=\"elementor-widget-container\">\n\t\t\t\t\t\n\t\t<div class=\"wd-image text-center\">\n\t\t\t\t\t\t\t\t<img decoding=\"async\" width=\"1100\" height=\"350\" src=\"https:\/\/smartonecorp.net\/wp-content\/uploads\/2025\/09\/FC26-header.webp\" class=\"attachment-full size-full\" alt=\"\" srcset=\"https:\/\/smartonecorp.net\/wp-content\/uploads\/2025\/09\/FC26-header.webp 1100w, https:\/\/smartonecorp.net\/wp-content\/uploads\/2025\/09\/FC26-header-400x127.webp 400w, https:\/\/smartonecorp.net\/wp-content\/uploads\/2025\/09\/FC26-header-768x244.webp 768w, https:\/\/smartonecorp.net\/wp-content\/uploads\/2025\/09\/FC26-header-700x223.webp 700w, https:\/\/smartonecorp.net\/wp-content\/uploads\/2025\/09\/FC26-header-150x48.webp 150w\" sizes=\"(max-width: 1100px) 100vw, 1100px\" title=\"\">\t\t\t\t\t<\/div>\n\n\t\t\t\t\t\t<\/div>\n\t\t\t\t<\/div>\n\t\t\t\t\t<\/div>\n\t\t\t\t<\/div>\n\t\t<div class=\"elementor-element elementor-element-0e93b85 e-flex e-con-boxed e-con e-parent\" data-id=\"0e93b85\" data-element_type=\"container\" data-e-type=\"container\" data-settings=\"{&quot;background_background&quot;:&quot;classic&quot;}\">\n\t\t\t\t\t<div class=\"e-con-inner\">\n\t\t\t\t<div class=\"elementor-element elementor-element-116697b elementor-widget elementor-widget-heading\" data-id=\"116697b\" data-element_type=\"widget\" data-e-type=\"widget\" data-widget_type=\"heading.default\">\n\t\t\t\t<div class=\"elementor-widget-container\">\n\t\t\t\t\t<h1 class=\"elementor-heading-title elementor-size-default\">FC26 para PS5 Juego f\u00cdSICO al por mayor<\/h1>\t\t\t\t<\/div>\n\t\t\t\t<\/div>\n\t\t\t\t<div class=\"elementor-element elementor-element-5ee4ee7 elementor-widget elementor-widget-heading\" data-id=\"5ee4ee7\" data-element_type=\"widget\" data-e-type=\"widget\" data-widget_type=\"heading.default\">\n\t\t\t\t<div class=\"elementor-widget-container\">\n\t\t\t\t\t<h2 class=\"elementor-heading-title elementor-size-default\">Stock limitado | Entrega EXW Miami | Atenci\u00f3n personalizada<\/h2>\t\t\t\t<\/div>\n\t\t\t\t<\/div>\n\t\t\t\t\t<\/div>\n\t\t\t\t<\/div>\n\t\t<div class=\"elementor-element elementor-element-50ff394 e-flex e-con-boxed e-con e-parent\" data-id=\"50ff394\" data-element_type=\"container\" data-e-type=\"container\" data-settings=\"{&quot;background_background&quot;:&quot;classic&quot;}\">\n\t\t\t\t\t<div class=\"e-con-inner\">\n\t\t<div class=\"elementor-element elementor-element-f45832f e-con-full e-flex e-con e-child\" data-id=\"f45832f\" data-element_type=\"container\" data-e-type=\"container\">\n\t\t\t\t<div class=\"elementor-element elementor-element-aa9d5e8 elementor-widget__width-initial color-scheme-inherit text-left elementor-widget elementor-widget-text-editor\" data-id=\"aa9d5e8\" data-element_type=\"widget\" data-e-type=\"widget\" data-widget_type=\"text-editor.default\">\n\t\t\t\t<div class=\"elementor-widget-container\">\n\t\t\t\t\t\t\t\t\t<h2>\u00a0\u00bfPor qu\u00e9 asegurar tu inventario ahora?<\/h2>\t\t\t\t\t\t\t\t<\/div>\n\t\t\t\t<\/div>\n\t\t\t\t<div class=\"elementor-element elementor-element-3a5229b elementor-widget__width-initial color-scheme-inherit text-left elementor-widget elementor-widget-text-editor\" data-id=\"3a5229b\" data-element_type=\"widget\" data-e-type=\"widget\" data-widget_type=\"text-editor.default\">\n\t\t\t\t<div class=\"elementor-widget-container\">\n\t\t\t\t\t\t\t\t\t<p style=\"text-align: left;\"><span style=\"color: #000000;\">El Mundial de la FIFA 2026 est\u00e1 cada vez m\u00e1s cerca y la demanda por juegos de f\u00fatbol crecer\u00e1 de manera <em>explosiva<\/em>. <\/span><span style=\"color: #000000;\">El <strong>EA Sports FC26 para PS5 en formato f\u00edsico<\/strong> es la mejor oportunidad para <em>mayoristas, distribuidores y tiendas que compran en volumen<\/em>.\u00a0<\/span><\/p>\t\t\t\t\t\t\t\t<\/div>\n\t\t\t\t<\/div>\n\t\t\t\t<div class=\"elementor-element elementor-element-58e3111 elementor-widget__width-initial color-scheme-inherit text-left elementor-widget elementor-widget-text-editor\" data-id=\"58e3111\" data-element_type=\"widget\" data-e-type=\"widget\" data-widget_type=\"text-editor.default\">\n\t\t\t\t<div class=\"elementor-widget-container\">\n\t\t\t\t\t\t\t\t\t<p><span style=\"color: #000000;\">Al manejar <strong>stock f\u00edsico al por mayor<\/strong>, tu negocio puede exhibir m\u00e1s, vender m\u00e1s y generar mayores m\u00e1rgenes frente a las versiones digitales. Asegura tu inventario en grandes cantidades hoy y <strong>prep\u00e1rate para capitalizar la fiebre del f\u00fatbol rumbo al mundial 2026<\/strong>.<\/span><\/p>\t\t\t\t\t\t\t\t<\/div>\n\t\t\t\t<\/div>\n\t\t\t\t<div class=\"elementor-element elementor-element-2be2ce3 elementor-widget__width-initial color-scheme-inherit text-left elementor-widget elementor-widget-text-editor\" data-id=\"2be2ce3\" data-element_type=\"widget\" data-e-type=\"widget\" data-widget_type=\"text-editor.default\">\n\t\t\t\t<div class=\"elementor-widget-container\">\n\t\t\t\t\t\t\t\t\t<h2>Lo que ofrecemos<\/h2>\t\t\t\t\t\t\t\t<\/div>\n\t\t\t\t<\/div>\n\t\t\t\t<div class=\"elementor-element elementor-element-dd3791d elementor-widget__width-initial color-scheme-inherit text-left elementor-widget elementor-widget-text-editor\" data-id=\"dd3791d\" data-element_type=\"widget\" data-e-type=\"widget\" data-widget_type=\"text-editor.default\">\n\t\t\t\t<div class=\"elementor-widget-container\">\n\t\t\t\t\t\t\t\t\t<ol><li data-start=\"1007\" data-end=\"1038\"><p data-start=\"1009\" data-end=\"1038\"><span style=\"color: #000000;\">Producto original y sellado<\/span><\/p><\/li><li data-start=\"1042\" data-end=\"1084\"><p data-start=\"1044\" data-end=\"1084\"><span style=\"color: #000000;\">Entrega EXW Miami a tu agente de carga<\/span><\/p><\/li><li data-start=\"1088\" data-end=\"1132\"><p data-start=\"1090\" data-end=\"1132\"><span style=\"color: #000000;\">Atenci\u00f3n personalizada en espa\u00f1ol\/ingl\u00e9s<\/span><\/p><\/li><li data-start=\"1136\" data-end=\"1200\"><p data-start=\"1138\" data-end=\"1200\"><span style=\"color: #000000;\">Inventario limitado \u2013 primero en llegar, primero en asegurar<\/span><\/p><\/li><li data-start=\"1204\" data-end=\"1271\"><p data-start=\"1206\" data-end=\"1271\"><span style=\"color: #000000;\">Representantes de ventas en Colombia para apoyarte directamente<\/span><\/p><\/li><\/ol>\t\t\t\t\t\t\t\t<\/div>\n\t\t\t\t<\/div>\n\t\t\t\t<div class=\"elementor-element elementor-element-26b1294 elementor-button-danger elementor-align-left elementor-widget__width-initial elementor-widget-tablet__width-initial elementor-widget-mobile__width-initial elementor-widget elementor-widget-button\" data-id=\"26b1294\" data-element_type=\"widget\" data-e-type=\"widget\" data-widget_type=\"button.default\">\n\t\t\t\t<div class=\"elementor-widget-container\">\n\t\t\t\t\t\t\t\t\t<div class=\"elementor-button-wrapper\">\n\t\t\t\t\t<a class=\"elementor-button elementor-button-link elementor-size-sm\" href=\"https:\/\/wa.me\/15613225792\" target=\"_blank\" rel=\"noopener\">\n\t\t\t\t\t\t<span class=\"elementor-button-content-wrapper\">\n\t\t\t\t\t\t\t\t\t<span class=\"elementor-button-text\">Solicitar cotizaci\u00f3n<\/span>\n\t\t\t\t\t<\/span>\n\t\t\t\t\t<\/a>\n\t\t\t\t<\/div>\n\t\t\t\t\t\t\t\t<\/div>\n\t\t\t\t<\/div>\n\t\t\t\t<\/div>\n\t\t<div class=\"elementor-element elementor-element-b3ff0a2 e-con-full e-flex e-con e-child\" data-id=\"b3ff0a2\" data-element_type=\"container\" data-e-type=\"container\">\n\t\t\t\t<div class=\"elementor-element elementor-element-f5f8825 elementor-widget elementor-widget-wd_image_or_svg\" data-id=\"f5f8825\" data-element_type=\"widget\" data-e-type=\"widget\" data-widget_type=\"wd_image_or_svg.default\">\n\t\t\t\t<div class=\"elementor-widget-container\">\n\t\t\t\t\t\n\t\t<div class=\"wd-image text-left\">\n\t\t\t\t\t\t\t\t<img decoding=\"async\" width=\"500\" height=\"500\" src=\"https:\/\/smartonecorp.net\/wp-content\/uploads\/2025\/09\/FC26-playstation-5-campaign-landing-e1758643946980.jpg\" class=\"attachment-full size-full\" alt=\"\" title=\"\">\t\t\t\t\t<\/div>\n\n\t\t\t\t\t\t<\/div>\n\t\t\t\t<\/div>\n\t\t\t\t<div class=\"elementor-element elementor-element-c16317e elementor-widget__width-initial color-scheme-inherit text-left elementor-widget elementor-widget-text-editor\" data-id=\"c16317e\" data-element_type=\"widget\" data-e-type=\"widget\" data-widget_type=\"text-editor.default\">\n\t\t\t\t<div class=\"elementor-widget-container\">\n\t\t\t\t\t\t\t\t\t<p><span style=\"color: #000000;\"><strong>Asegura tu inventario de FC26 para Playstation 5 antes de agotar existencias<\/strong><\/span><\/p>\t\t\t\t\t\t\t\t<\/div>\n\t\t\t\t<\/div>\n\t\t\t\t<div class=\"elementor-element elementor-element-a663918 elementor-button-success elementor-align-center elementor-widget__width-initial elementor-widget-mobile__width-initial elementor-widget elementor-widget-button\" data-id=\"a663918\" data-element_type=\"widget\" data-e-type=\"widget\" data-widget_type=\"button.default\">\n\t\t\t\t<div class=\"elementor-widget-container\">\n\t\t\t\t\t\t\t\t\t<div class=\"elementor-button-wrapper\">\n\t\t\t\t\t<a class=\"elementor-button elementor-button-link elementor-size-sm\" href=\"https:\/\/wa.me\/15613225792\" target=\"_blank\" rel=\"noopener\">\n\t\t\t\t\t\t<span class=\"elementor-button-content-wrapper\">\n\t\t\t\t\t\t<span class=\"elementor-button-icon\">\n\t\t\t\t<svg aria-hidden=\"true\" class=\"e-font-icon-svg e-fab-whatsapp\" viewBox=\"0 0 448 512\" xmlns=\"http:\/\/www.w3.org\/2000\/svg\"><path d=\"M380.9 97.1C339 55.1 283.2 32 223.9 32c-122.4 0-222 99.6-222 222 0 39.1 10.2 77.3 29.6 111L0 480l117.7-30.9c32.4 17.7 68.9 27 106.1 27h.1c122.3 0 224.1-99.6 224.1-222 0-59.3-25.2-115-67.1-157zm-157 341.6c-33.2 0-65.7-8.9-94-25.7l-6.7-4-69.8 18.3L72 359.2l-4.4-7c-18.5-29.4-28.2-63.3-28.2-98.2 0-101.7 82.8-184.5 184.6-184.5 49.3 0 95.6 19.2 130.4 54.1 34.8 34.9 56.2 81.2 56.1 130.5 0 101.8-84.9 184.6-186.6 184.6zm101.2-138.2c-5.5-2.8-32.8-16.2-37.9-18-5.1-1.9-8.8-2.8-12.5 2.8-3.7 5.6-14.3 18-17.6 21.8-3.2 3.7-6.5 4.2-12 1.4-32.6-16.3-54-29.1-75.5-66-5.7-9.8 5.7-9.1 16.3-30.3 1.8-3.7.9-6.9-.5-9.7-1.4-2.8-12.5-30.1-17.1-41.2-4.5-10.8-9.1-9.3-12.5-9.5-3.2-.2-6.9-.2-10.6-.2-3.7 0-9.7 1.4-14.8 6.9-5.1 5.6-19.4 19-19.4 46.3 0 27.3 19.9 53.7 22.6 57.4 2.8 3.7 39.1 59.7 94.8 83.8 35.2 15.2 49 16.5 66.6 13.9 10.7-1.6 32.8-13.4 37.4-26.4 4.6-13 4.6-24.1 3.2-26.4-1.3-2.5-5-3.9-10.5-6.6z\"><\/path><\/svg>\t\t\t<\/span>\n\t\t\t\t\t\t\t\t\t<span class=\"elementor-button-text\">Solicitar cotizaci\u00f3n<\/span>\n\t\t\t\t\t<\/span>\n\t\t\t\t\t<\/a>\n\t\t\t\t<\/div>\n\t\t\t\t\t\t\t\t<\/div>\n\t\t\t\t<\/div>\n\t\t\t\t<\/div>\n\t\t\t\t\t<\/div>\n\t\t\t\t<\/div>\n\t\t<div class=\"elementor-element elementor-element-14bc9b9 e-grid e-con-boxed e-con e-parent\" data-id=\"14bc9b9\" data-element_type=\"container\" data-e-type=\"container\" data-settings=\"{&quot;background_background&quot;:&quot;classic&quot;}\">\n\t\t\t\t\t<div class=\"e-con-inner\">\n\t\t\t\t<div class=\"elementor-element elementor-element-16d4965 elementor-widget elementor-widget-wd_image_or_svg\" data-id=\"16d4965\" data-element_type=\"widget\" data-e-type=\"widget\" data-widget_type=\"wd_image_or_svg.default\">\n\t\t\t\t<div class=\"elementor-widget-container\">\n\t\t\t\t\t\n\t\t<div class=\"wd-image text-left\">\n\t\t\t\t\t\t\t\t<img decoding=\"async\" width=\"1280\" height=\"720\" src=\"https:\/\/smartonecorp.net\/wp-content\/uploads\/2025\/09\/maxresdefault.webp\" class=\"attachment-full size-full\" alt=\"\" srcset=\"https:\/\/smartonecorp.net\/wp-content\/uploads\/2025\/09\/maxresdefault.webp 1280w, https:\/\/smartonecorp.net\/wp-content\/uploads\/2025\/09\/maxresdefault-400x225.webp 400w, https:\/\/smartonecorp.net\/wp-content\/uploads\/2025\/09\/maxresdefault-768x432.webp 768w, https:\/\/smartonecorp.net\/wp-content\/uploads\/2025\/09\/maxresdefault-700x394.webp 700w, https:\/\/smartonecorp.net\/wp-content\/uploads\/2025\/09\/maxresdefault-150x84.webp 150w\" sizes=\"(max-width: 1280px) 100vw, 1280px\" title=\"\">\t\t\t\t\t<\/div>\n\n\t\t\t\t\t\t<\/div>\n\t\t\t\t<\/div>\n\t\t\t\t<div class=\"elementor-element elementor-element-76a3d57 elementor-widget elementor-widget-wd_image_or_svg\" data-id=\"76a3d57\" data-element_type=\"widget\" data-e-type=\"widget\" data-widget_type=\"wd_image_or_svg.default\">\n\t\t\t\t<div class=\"elementor-widget-container\">\n\t\t\t\t\t\n\t\t<div class=\"wd-image text-left\">\n\t\t\t\t\t\t\t\t<img decoding=\"async\" width=\"700\" height=\"394\" src=\"https:\/\/smartonecorp.net\/wp-content\/uploads\/2025\/09\/EA-Sports-FC26-PS5-e1758660021282.webp\" class=\"attachment-full size-full\" alt=\"\" srcset=\"https:\/\/smartonecorp.net\/wp-content\/uploads\/2025\/09\/EA-Sports-FC26-PS5-e1758660021282.webp 700w, https:\/\/smartonecorp.net\/wp-content\/uploads\/2025\/09\/EA-Sports-FC26-PS5-e1758660021282-400x225.webp 400w, https:\/\/smartonecorp.net\/wp-content\/uploads\/2025\/09\/EA-Sports-FC26-PS5-e1758660021282-150x84.webp 150w\" sizes=\"(max-width: 700px) 100vw, 700px\" title=\"\">\t\t\t\t\t<\/div>\n\n\t\t\t\t\t\t<\/div>\n\t\t\t\t<\/div>\n\t\t\t\t<div class=\"elementor-element elementor-element-8825954 elementor-widget elementor-widget-wd_image_or_svg\" data-id=\"8825954\" data-element_type=\"widget\" data-e-type=\"widget\" data-widget_type=\"wd_image_or_svg.default\">\n\t\t\t\t<div class=\"elementor-widget-container\">\n\t\t\t\t\t\n\t\t<div class=\"wd-image text-left\">\n\t\t\t\t\t\t\t\t<img decoding=\"async\" width=\"1024\" height=\"576\" src=\"https:\/\/smartonecorp.net\/wp-content\/uploads\/2025\/09\/yt.1ooNXhzMBv4.1024.576.1.jpg\" class=\"attachment-full size-full\" alt=\"\" srcset=\"https:\/\/smartonecorp.net\/wp-content\/uploads\/2025\/09\/yt.1ooNXhzMBv4.1024.576.1.jpg 1024w, https:\/\/smartonecorp.net\/wp-content\/uploads\/2025\/09\/yt.1ooNXhzMBv4.1024.576.1-400x225.jpg 400w, https:\/\/smartonecorp.net\/wp-content\/uploads\/2025\/09\/yt.1ooNXhzMBv4.1024.576.1-768x432.jpg 768w, https:\/\/smartonecorp.net\/wp-content\/uploads\/2025\/09\/yt.1ooNXhzMBv4.1024.576.1-700x394.jpg 700w, https:\/\/smartonecorp.net\/wp-content\/uploads\/2025\/09\/yt.1ooNXhzMBv4.1024.576.1-150x84.jpg 150w\" sizes=\"(max-width: 1024px) 100vw, 1024px\" title=\"\">\t\t\t\t\t<\/div>\n\n\t\t\t\t\t\t<\/div>\n\t\t\t\t<\/div>\n\t\t\t\t\t<\/div>\n\t\t\t\t<\/div>\n\t\t<div class=\"elementor-element elementor-element-daf0d87 e-flex e-con-boxed e-con e-parent\" data-id=\"daf0d87\" data-element_type=\"container\" data-e-type=\"container\" data-settings=\"{&quot;background_background&quot;:&quot;classic&quot;}\">\n\t\t\t\t\t<div class=\"e-con-inner\">\n\t\t<div class=\"elementor-element elementor-element-23f9467 e-con-full e-flex e-con e-child\" data-id=\"23f9467\" data-element_type=\"container\" data-e-type=\"container\">\n\t\t\t\t<div class=\"elementor-element elementor-element-128ff5d elementor-widget__width-initial elementor-widget-tablet__width-initial color-scheme-inherit text-left elementor-widget elementor-widget-text-editor\" data-id=\"128ff5d\" data-element_type=\"widget\" data-e-type=\"widget\" data-widget_type=\"text-editor.default\">\n\t\t\t\t<div class=\"elementor-widget-container\">\n\t\t\t\t\t\t\t\t\t<h2 style=\"text-align: left;\">\u00bfPor qu\u00e9 <strong>Smart One Corp<\/strong>?<\/h2>\t\t\t\t\t\t\t\t<\/div>\n\t\t\t\t<\/div>\n\t\t\t\t<div class=\"elementor-element elementor-element-0c7b907 elementor-widget__width-initial elementor-widget-tablet__width-initial color-scheme-inherit text-left elementor-widget elementor-widget-text-editor\" data-id=\"0c7b907\" data-element_type=\"widget\" data-e-type=\"widget\" data-widget_type=\"text-editor.default\">\n\t\t\t\t<div class=\"elementor-widget-container\">\n\t\t\t\t\t\t\t\t\t<p><span style=\"color: #000000;\">Contamos con inventario de marcas l\u00edderes como <strong>PlayStation<\/strong>, <strong>Nintendo<\/strong> y <em>m\u00e1s<\/em>.\u00a0<\/span><\/p><p><span style=\"color: #000000;\">Nuestra operaci\u00f3n principal est\u00e1 en Miami,<span style=\"font-size: 21px; letter-spacing: 0.7px;\">entregando directamente a tu agente de carga. Adem\u00e1s, tenemos <\/span><strong style=\"font-size: 21px; letter-spacing: 0.7px;\">representantes de ventas en Colombia<\/strong><span style=\"font-size: 21px; letter-spacing: 0.7px;\"> listos\u00a0<\/span><span style=\"font-size: 21px; letter-spacing: 0.7px;\">para apoyarte en tu idioma y zona horaria.\u00a0<\/span><\/span><\/p><p><span style=\"font-size: 21px; letter-spacing: 0.7px; color: #000000;\">\u00a0<\/span><\/p><p><span style=\"font-size: 21px; letter-spacing: 0.7px; color: #000000;\">M\u00e1s de 200 clientes en LATAM ya conf\u00edan en nosotros.<\/span><\/p><p><span style=\"color: #000000;\">Acreditaci\u00f3n BBB A+.<\/span><\/p>\t\t\t\t\t\t\t\t<\/div>\n\t\t\t\t<\/div>\n\t\t\t\t<\/div>\n\t\t\t\t<div class=\"elementor-element elementor-element-1aa9f72 elementor-widget__width-initial elementor-widget-mobile__width-initial elementor-widget elementor-widget-wd_image_or_svg\" data-id=\"1aa9f72\" data-element_type=\"widget\" data-e-type=\"widget\" data-widget_type=\"wd_image_or_svg.default\">\n\t\t\t\t<div class=\"elementor-widget-container\">\n\t\t\t\t\t\n\t\t<div class=\"wd-image text-left\">\n\t\t\t\t\t\t\t\t<img decoding=\"async\" width=\"1360\" height=\"907\" src=\"https:\/\/smartonecorp.net\/wp-content\/uploads\/2025\/09\/IMG_0163.webp\" class=\"attachment-full size-full\" alt=\"\" srcset=\"https:\/\/smartonecorp.net\/wp-content\/uploads\/2025\/09\/IMG_0163.webp 1360w, https:\/\/smartonecorp.net\/wp-content\/uploads\/2025\/09\/IMG_0163-400x267.webp 400w, https:\/\/smartonecorp.net\/wp-content\/uploads\/2025\/09\/IMG_0163-1200x800.webp 1200w, https:\/\/smartonecorp.net\/wp-content\/uploads\/2025\/09\/IMG_0163-768x512.webp 768w, https:\/\/smartonecorp.net\/wp-content\/uploads\/2025\/09\/IMG_0163-700x467.webp 700w, https:\/\/smartonecorp.net\/wp-content\/uploads\/2025\/09\/IMG_0163-150x100.webp 150w\" sizes=\"(max-width: 1360px) 100vw, 1360px\" title=\"\">\t\t\t\t\t<\/div>\n\n\t\t\t\t\t\t<\/div>\n\t\t\t\t<\/div>\n\t\t\t\t\t<\/div>\n\t\t\t\t<\/div>\n\t\t<div class=\"elementor-element elementor-element-7808882 e-flex e-con-boxed e-con e-parent\" data-id=\"7808882\" data-element_type=\"container\" data-e-type=\"container\" data-settings=\"{&quot;background_background&quot;:&quot;classic&quot;}\">\n\t\t\t\t\t<div class=\"e-con-inner\">\n\t\t\t\t<div class=\"elementor-element elementor-element-6f19343 elementor-cta--skin-cover elementor-animated-content elementor-bg-transform elementor-bg-transform-zoom-in elementor-widget elementor-widget-call-to-action\" data-id=\"6f19343\" data-element_type=\"widget\" data-e-type=\"widget\" data-widget_type=\"call-to-action.default\">\n\t\t\t\t<div class=\"elementor-widget-container\">\n\t\t\t\t\t\t\t<a class=\"elementor-cta\" href=\"https:\/\/wa.me\/15613225792\" target=\"_blank\" rel=\"noopener\">\n\t\t\t\t\t<div class=\"elementor-cta__bg-wrapper\">\n\t\t\t\t<div class=\"elementor-cta__bg elementor-bg\" style=\"background-image: url(https:\/\/smartonecorp.net\/wp-content\/uploads\/2025\/09\/jBZzaZvXYu3ZEkiaYtYNGT-1300x731.jpg);\" role=\"img\" aria-label=\"jBZzaZvXYu3ZEkiaYtYNGT\"><\/div>\n\t\t\t\t<div class=\"elementor-cta__bg-overlay\"><\/div>\n\t\t\t<\/div>\n\t\t\t\t\t\t\t<div class=\"elementor-cta__content\">\n\t\t\t\t\n\t\t\t\t\t\t\t\t\t<h2 class=\"elementor-cta__title elementor-cta__content-item elementor-content-item elementor-animated-item--grow\">\n\t\t\t\t\t\tSolicita disponibilidad ahora\t\t\t\t\t<\/h2>\n\t\t\t\t\n\t\t\t\t\n\t\t\t\t\t\t\t\t\t<div class=\"elementor-cta__button-wrapper elementor-cta__content-item elementor-content-item elementor-animated-item--grow\">\n\t\t\t\t\t<span class=\"elementor-cta__button elementor-button elementor-size-\">\n\t\t\t\t\t\tSolicitar cotizaci\u00f3n\t\t\t\t\t<\/span>\n\t\t\t\t\t<\/div>\n\t\t\t\t\t\t\t<\/div>\n\t\t\t\t\t\t<\/a>\n\t\t\t\t\t\t<\/div>\n\t\t\t\t<\/div>\n\t\t\t\t\t<\/div>\n\t\t\t\t<\/div>\n\t\t<div class=\"elementor-element elementor-element-ea94b4d e-flex e-con-boxed e-con e-parent\" data-id=\"ea94b4d\" data-element_type=\"container\" data-e-type=\"container\" data-settings=\"{&quot;background_background&quot;:&quot;classic&quot;}\">\n\t\t\t\t\t<div class=\"e-con-inner\">\n\t\t\t\t<div class=\"elementor-element elementor-element-5faaf38 elementor-widget elementor-widget-wd_text_block\" data-id=\"5faaf38\" data-element_type=\"widget\" data-e-type=\"widget\" data-widget_type=\"wd_text_block.default\">\n\t\t\t\t<div class=\"elementor-widget-container\">\n\t\t\t\t\t\t\t<div class=\"wd-text-block reset-last-child text-left\">\n\t\t\t\n\t\t\t<p style=\"text-align: center;\"><span style=\"color: #000000;\">\ud83d\udcde +1 (561) 322-5792 | \ud83c\udf10 smartonecorp.net<\/span> <span style=\"color: #000000;\">| \ud83d\udce7 marketing@smartonecorp.net<\/span><\/p>\n\t\t\t\t\t<\/div>\n\t\t\t\t\t\t<\/div>\n\t\t\t\t<\/div>\n\t\t\t\t\t<\/div>\n\t\t\t\t<\/div>\n\t\t\t\t<\/div>\n\t\t","protected":false},"excerpt":{"rendered":"<p>FC26 para PS5 Juego f\u00cdSICO al por mayor Stock limitado | Entrega EXW Miami | Atenci\u00f3n personalizada \u00a0\u00bfPor qu\u00e9 asegurar<\/p>\n","protected":false},"author":2,"featured_media":0,"parent":0,"menu_order":0,"comment_status":"closed","ping_status":"closed","template":"elementor_canvas","meta":{"_joinchat":[],"footnotes":""},"class_list":["post-19623","page","type-page","status-publish","hentry"],"_links":{"self":[{"href":"https:\/\/smartonecorp.net\/es\/wp-json\/wp\/v2\/pages\/19623","targetHints":{"allow":["GET"]}}],"collection":[{"href":"https:\/\/smartonecorp.net\/es\/wp-json\/wp\/v2\/pages"}],"about":[{"href":"https:\/\/smartonecorp.net\/es\/wp-json\/wp\/v2\/types\/page"}],"author":[{"embeddable":true,"href":"https:\/\/smartonecorp.net\/es\/wp-json\/wp\/v2\/users\/2"}],"replies":[{"embeddable":true,"href":"https:\/\/smartonecorp.net\/es\/wp-json\/wp\/v2\/comments?post=19623"}],"version-history":[{"count":69,"href":"https:\/\/smartonecorp.net\/es\/wp-json\/wp\/v2\/pages\/19623\/revisions"}],"predecessor-version":[{"id":19733,"href":"https:\/\/smartonecorp.net\/es\/wp-json\/wp\/v2\/pages\/19623\/revisions\/19733"}],"wp:attachment":[{"href":"https:\/\/smartonecorp.net\/es\/wp-json\/wp\/v2\/media?parent=19623"}],"curies":[{"name":"wp","href":"https:\/\/api.w.org\/{rel}","templated":true}]}}