{"id":19152,"date":"2025-06-09T07:41:44","date_gmt":"2025-06-09T12:41:44","guid":{"rendered":"https:\/\/smartonecorp.net\/?page_id=19152"},"modified":"2025-06-30T16:38:11","modified_gmt":"2025-06-30T21:38:11","slug":"blog-v2-esp","status":"publish","type":"page","link":"https:\/\/smartonecorp.net\/es\/blog-v2-esp\/","title":{"rendered":"Blog v2 ESP"},"content":{"rendered":"\t\t<div data-elementor-type=\"wp-page\" data-elementor-id=\"19152\" class=\"elementor elementor-19152 elementor-19098\" data-elementor-post-type=\"page\">\n\t\t\t\t<div class=\"wd-negative-gap elementor-element elementor-element-6b8bfb7 wd-section-stretch-content e-flex e-con-boxed e-con e-parent\" data-id=\"6b8bfb7\" data-element_type=\"container\" data-e-type=\"container\">\n\t\t\t\t\t<div class=\"e-con-inner\">\n\t\t\t\t<div class=\"elementor-element elementor-element-5bb5b8a elementor-widget elementor-widget-heading\" data-id=\"5bb5b8a\" data-element_type=\"widget\" data-e-type=\"widget\" data-widget_type=\"heading.default\">\n\t\t\t\t<div class=\"elementor-widget-container\">\n\t\t\t\t\t<h1 class=\"elementor-heading-title elementor-size-default\">Nuestro blog<\/h1>\t\t\t\t<\/div>\n\t\t\t\t<\/div>\n\t\t\t\t<div class=\"elementor-element elementor-element-9b56c35 wd-width-100 elementor-widget elementor-widget-wd_blog\" data-id=\"9b56c35\" data-element_type=\"widget\" data-e-type=\"widget\" data-widget_type=\"wd_blog.default\">\n\t\t\t\t<div class=\"elementor-widget-container\">\n\t\t\t\t\t\t\t\t\t\t\t\t<div class=\"wd-blog-element \">\n\t\t\t\t\t\t\t\t\t\t\t\n\t\t\t\t\t<div class=\"wd-posts wd-blog-holder wd-grid-g\" id=\"69d328f109088\" data-paged=\"1\" data-atts=\"{&quot;post_type&quot;:&quot;post&quot;,&quot;items_per_page&quot;:12,&quot;include&quot;:null,&quot;taxonomies&quot;:[&quot;273&quot;],&quot;offset&quot;:&quot;&quot;,&quot;orderby&quot;:&quot;&quot;,&quot;order&quot;:&quot;DESC&quot;,&quot;meta_key&quot;:null,&quot;exclude&quot;:&quot;&quot;,&quot;element_title&quot;:&quot;&quot;,&quot;element_title_tag&quot;:&quot;h4&quot;,&quot;parts_media&quot;:true,&quot;parts_title&quot;:&quot;1&quot;,&quot;parts_meta&quot;:&quot;1&quot;,&quot;parts_text&quot;:&quot;1&quot;,&quot;parts_btn&quot;:&quot;1&quot;,&quot;parts_published_date&quot;:&quot;1&quot;,&quot;img_size&quot;:&quot;medium_large&quot;,&quot;blog_design&quot;:&quot;masonry&quot;,&quot;blog_carousel_design&quot;:null,&quot;blog_masonry&quot;:&quot;&quot;,&quot;blog_columns&quot;:{&quot;unit&quot;:&quot;px&quot;,&quot;size&quot;:4,&quot;sizes&quot;:[]},&quot;blog_columns_tablet&quot;:{&quot;size&quot;:&quot;&quot;},&quot;blog_columns_mobile&quot;:{&quot;size&quot;:&quot;&quot;},&quot;blog_spacing&quot;:&quot;&quot;,&quot;blog_spacing_tablet&quot;:&quot;&quot;,&quot;blog_spacing_mobile&quot;:&quot;&quot;,&quot;pagination&quot;:&quot;&quot;,&quot;speed&quot;:null,&quot;slides_per_view&quot;:null,&quot;slides_per_view_tablet&quot;:{&quot;size&quot;:&quot;&quot;},&quot;slides_per_view_mobile&quot;:{&quot;size&quot;:&quot;&quot;},&quot;wrap&quot;:null,&quot;autoplay&quot;:null,&quot;hide_pagination_control&quot;:null,&quot;hide_prev_next_buttons&quot;:null,&quot;scroll_per_page&quot;:null,&quot;lazy_loading&quot;:&quot;no&quot;,&quot;scroll_carousel_init&quot;:null,&quot;ajax_page&quot;:&quot;&quot;,&quot;custom_sizes&quot;:false,&quot;elementor&quot;:true}\" data-source=\"shortcode\" style=\"--wd-col-lg:4;--wd-col-md:4;--wd-col-sm:1;--wd-gap-lg:20px;--wd-gap-sm:10px;\">\n\t\t\t\n\t\t\t\t\t\t\t\t\t\t\t\t\t\t\n<article id=\"post-19285\" class=\"wd-post blog-design-masonry blog-post-loop blog-style-bg wd-add-shadow wd-col post-19285 post type-post status-publish format-standard has-post-thumbnail hentry category-sin-categorizar\">\n\t<div class=\"wd-post-inner article-inner\">\n\t\t\t\t\t<div class=\"wd-post-thumb entry-header\">\n\t\t\t\t\t\t\t\t\t<div class=\"wd-post-img post-img-wrapp\">\n\t\t\t\t\t\t<img decoding=\"async\" width=\"768\" height=\"512\" src=\"https:\/\/smartonecorp.net\/wp-content\/uploads\/2024\/06\/razones-importar-tech-desde-estados-unidos-1-768x512.jpg\" class=\"attachment-medium_large size-medium_large\" alt=\"\" srcset=\"https:\/\/smartonecorp.net\/wp-content\/uploads\/2024\/06\/razones-importar-tech-desde-estados-unidos-1-768x512.jpg 768w, https:\/\/smartonecorp.net\/wp-content\/uploads\/2024\/06\/razones-importar-tech-desde-estados-unidos-1-400x267.jpg 400w, https:\/\/smartonecorp.net\/wp-content\/uploads\/2024\/06\/razones-importar-tech-desde-estados-unidos-1-1200x800.jpg 1200w, https:\/\/smartonecorp.net\/wp-content\/uploads\/2024\/06\/razones-importar-tech-desde-estados-unidos-1-1536x1024.jpg 1536w, https:\/\/smartonecorp.net\/wp-content\/uploads\/2024\/06\/razones-importar-tech-desde-estados-unidos-1-700x467.jpg 700w, https:\/\/smartonecorp.net\/wp-content\/uploads\/2024\/06\/razones-importar-tech-desde-estados-unidos-1-150x100.jpg 150w, https:\/\/smartonecorp.net\/wp-content\/uploads\/2024\/06\/razones-importar-tech-desde-estados-unidos-1.jpg 1920w\" sizes=\"(max-width: 768px) 100vw, 768px\" title=\"\">\t\t\t\t\t<\/div>\n\t\t\t\t\t\t\t\t\t\t<a class=\"wd-fill\" tabindex=\"-1\" href=\"https:\/\/smartonecorp.net\/es\/como-importar-tecnologia-de-estados-unidos-a-mexico\/\" aria-label=\"Link on post C\u00f3mo Importar Tecnolog\u00eda de Estados Unidos a M\u00e9xico\"><\/a>\n\t\t\t\t\n\t\t\t\t\t\t\t\t\t\t\t\t<div class=\"wd-post-date wd-style-with-bg\">\n\t\t\t\t<span class=\"post-date-day\">\n\t\t\t\t\t19\t\t\t\t<\/span>\n\t\t\t\t<span class=\"post-date-month\">\n\t\t\t\t\tJun\t\t\t\t<\/span>\n\t\t\t<\/div>\n\t\t\t\t\t\t\t\t\t<\/div>\n\t\t\n\t\t<div class=\"wd-post-content article-body-container\">\n\t\t\t\t\t\t\t<div class=\"wd-post-cat wd-style-with-bg meta-post-categories\">\n\t\t\t\t\t<a href=\"https:\/\/smartonecorp.net\/es\/category\/sin-categorizar\/\" rel=\"category tag\">Sin categorizar<\/a>\t\t\t\t<\/div>\n\t\t\t\n\t\t\t\t\t\t\t<h3 class=\"wd-post-title wd-entities-title title post-title\">\n\t\t\t\t\t<a href=\"https:\/\/smartonecorp.net\/es\/como-importar-tecnologia-de-estados-unidos-a-mexico\/\" rel=\"bookmark\">C\u00f3mo Importar Tecnolog\u00eda de Estados Unidos a M\u00e9xico<\/a>\n\t\t\t\t<\/h3>\n\t\t\t\n\t\t\t\t\t\t\t<div class=\"wd-post-meta\">\n\t\t\t\t\t\t\t\t\t\t\t\t\t\t\t<div class=\"wd-post-author\">\n\t\t\t\t\t\t\t\t\t\t\t<span>Posted by<\/span>\n\t\t\n\t\t\t\t\t<img decoding=\"async\" alt=\"author-avatar\" src=\"https:\/\/secure.gravatar.com\/avatar\/1f0cbecd9fc434f8b22e8caaaba912f3ab7c667420baf685a9cdec4d679cba47?s=18&#038;d=mm&#038;r=g\" srcset=\"https:\/\/secure.gravatar.com\/avatar\/1f0cbecd9fc434f8b22e8caaaba912f3ab7c667420baf685a9cdec4d679cba47?s=36&#038;d=mm&#038;r=g 2x\" class=\"avatar avatar-18 photo\" height=\"18\" width=\"18\" title=\"\">\t\t\n\t\t\t\t\t<a href=\"https:\/\/smartonecorp.net\/es\/author\/fannyfinol\/\" class=\"author\" rel=\"author\">Smart One Corp<\/a>\n\t\t\t\t\t\t\t\t\t<\/div>\n\t\t\t\t\t<div class=\"wd-modified-date\">\n\t\t\t\t\t\t\t\t<time class=\"updated\" datetime=\"2025-06-30T09:23:51-05:00\">\n\t\t\tjunio 30, 2025\t\t<\/time>\n\t\t\t\t\t\t\t<\/div>\n\n\t\t\t\t\t\t\t\t\t\t\t<div tabindex=\"0\" class=\"wd-post-share wd-tltp\">\n\t\t\t\t\t\t\t<div class=\"tooltip top\">\n\t\t\t\t\t\t\t\t<div class=\"tooltip-inner\">\n\t\t\t\t\t\t\t\t\t\t\t\t<div\n\t\t\t\t\t\tclass=\" wd-social-icons wd-style-default wd-size-small social-share wd-shape-circle color-scheme-light text-center\">\n\t\t\t\t\n\t\t\t\t\n\t\t\t\t\t\t\t\t\t<a rel=\"noopener noreferrer nofollow\" href=\"https:\/\/www.facebook.com\/sharer\/sharer.php?u=https:\/\/smartonecorp.net\/es\/como-importar-tecnologia-de-estados-unidos-a-mexico\/\" target=\"_blank\" class=\" wd-social-icon social-facebook\" aria-label=\"Facebook social link\">\n\t\t\t\t\t\t<span class=\"wd-icon\"><\/span>\n\t\t\t\t\t\t\t\t\t\t\t<\/a>\n\t\t\t\t\n\t\t\t\t\t\t\t\t\t<a rel=\"noopener noreferrer nofollow\" href=\"https:\/\/x.com\/share?url=https:\/\/smartonecorp.net\/es\/como-importar-tecnologia-de-estados-unidos-a-mexico\/\" target=\"_blank\" class=\" wd-social-icon social-twitter\" aria-label=\"X social link\">\n\t\t\t\t\t\t<span class=\"wd-icon\"><\/span>\n\t\t\t\t\t\t\t\t\t\t\t<\/a>\n\t\t\t\t\n\t\t\t\t\n\t\t\t\t\n\t\t\t\t\n\t\t\t\t\n\t\t\t\t\n\t\t\t\t\t\t\t\t\t<a rel=\"noopener noreferrer nofollow\" href=\"https:\/\/pinterest.com\/pin\/create\/button\/?url=https:\/\/smartonecorp.net\/es\/como-importar-tecnologia-de-estados-unidos-a-mexico\/&#038;media=https:\/\/smartonecorp.net\/wp-content\/uploads\/2024\/06\/razones-importar-tech-desde-estados-unidos-1.jpg&#038;description=C%C3%B3mo%20Importar%20Tecnolog%C3%ADa%20de%20Estados%20Unidos%20a%20M%C3%A9xico\" target=\"_blank\" class=\" wd-social-icon social-pinterest\" aria-label=\"Pinterest social link\">\n\t\t\t\t\t\t<span class=\"wd-icon\"><\/span>\n\t\t\t\t\t\t\t\t\t\t\t<\/a>\n\t\t\t\t\n\t\t\t\t\n\t\t\t\t\t\t\t\t\t<a rel=\"noopener noreferrer nofollow\" href=\"https:\/\/www.linkedin.com\/shareArticle?mini=true&#038;url=https:\/\/smartonecorp.net\/es\/como-importar-tecnologia-de-estados-unidos-a-mexico\/\" target=\"_blank\" class=\" wd-social-icon social-linkedin\" aria-label=\"Linkedin social link\">\n\t\t\t\t\t\t<span class=\"wd-icon\"><\/span>\n\t\t\t\t\t\t\t\t\t\t\t<\/a>\n\t\t\t\t\n\t\t\t\t\n\t\t\t\t\n\t\t\t\t\n\t\t\t\t\n\t\t\t\t\n\t\t\t\t\n\t\t\t\t\n\t\t\t\t\n\t\t\t\t\n\t\t\t\t\n\t\t\t\t\n\t\t\t\t\n\t\t\t\t\n\t\t\t\t\n\t\t\t\t\t\t\t\t\t<a rel=\"noopener noreferrer nofollow\" href=\"https:\/\/telegram.me\/share\/url?url=https:\/\/smartonecorp.net\/es\/como-importar-tecnologia-de-estados-unidos-a-mexico\/\" target=\"_blank\" class=\" wd-social-icon social-tg\" aria-label=\"Telegram social link\">\n\t\t\t\t\t\t<span class=\"wd-icon\"><\/span>\n\t\t\t\t\t\t\t\t\t\t\t<\/a>\n\t\t\t\t\n\t\t\t\t\n\t\t\t<\/div>\n\n\t\t\t\t\t\t\t\t\t\t<\/div>\n\t\t\t\t\t\t\t\t<div class=\"tooltip-arrow\"><\/div>\n\t\t\t\t\t\t\t<\/div>\n\t\t\t\t\t\t<\/div>\n\t\t\t\t\t\n\t\t\t\t\t\t\t\t\t<\/div>\n\t\t\t\n\t\t\t\t\t\t\t\t\t\t\t\t<div class=\"wd-post-excerpt entry-content\">\n\t\t\t\t\t\tImportar tecnolog\u00eda desde Estados Unidos a M\u00e9xico puede parecer complicado, pero con la informaci\u00f3n y los pasos adecuados, puede ser un...\t\t\t\t\t<\/div>\n\t\t\t\t\n\t\t\t\t\t\t\t\t\t\t\t\t\t\t<div class=\"wd-post-read-more wd-style-link read-more-section\">\n\t\t\t\t\t\t<a class=\"\" href=\"https:\/\/smartonecorp.net\/es\/como-importar-tecnologia-de-estados-unidos-a-mexico\/\">Continue reading<\/a>\t\t\t\t\t<\/div>\n\t\t\t\t\t\t\t\t\t\t\t\t\t<\/div>\n\t<\/div>\n<\/article>\n\n\t\t\t\t\n\t\t\t\t\t\t\t\t<\/div>\n\t\t\t\n\t\t\t\t\t\t\t\t\t\t<\/div>\n\t\t\t\t\t\t\t\t\t\t<\/div>\n\t\t\t\t<\/div>\n\t\t\t\t\t<\/div>\n\t\t\t\t<\/div>\n\t\t\t\t<\/div>\n\t\t","protected":false},"excerpt":{"rendered":"<p>Nuestro blog 19 Jun Technology C\u00f3mo Importar Tecnolog\u00eda de Estados Unidos a M\u00e9xico June 23, 2025 By sales Importar tecnolog\u00eda<\/p>\n","protected":false},"author":2,"featured_media":0,"parent":0,"menu_order":0,"comment_status":"closed","ping_status":"closed","template":"","meta":{"_joinchat":[],"footnotes":""},"class_list":["post-19152","page","type-page","status-publish","hentry"],"_links":{"self":[{"href":"https:\/\/smartonecorp.net\/es\/wp-json\/wp\/v2\/pages\/19152","targetHints":{"allow":["GET"]}}],"collection":[{"href":"https:\/\/smartonecorp.net\/es\/wp-json\/wp\/v2\/pages"}],"about":[{"href":"https:\/\/smartonecorp.net\/es\/wp-json\/wp\/v2\/types\/page"}],"author":[{"embeddable":true,"href":"https:\/\/smartonecorp.net\/es\/wp-json\/wp\/v2\/users\/2"}],"replies":[{"embeddable":true,"href":"https:\/\/smartonecorp.net\/es\/wp-json\/wp\/v2\/comments?post=19152"}],"version-history":[{"count":0,"href":"https:\/\/smartonecorp.net\/es\/wp-json\/wp\/v2\/pages\/19152\/revisions"}],"wp:attachment":[{"href":"https:\/\/smartonecorp.net\/es\/wp-json\/wp\/v2\/media?parent=19152"}],"curies":[{"name":"wp","href":"https:\/\/api.w.org\/{rel}","templated":true}]}}